{"id":4448,"date":"2018-09-11T11:39:23","date_gmt":"2018-09-11T09:39:23","guid":{"rendered":"https:\/\/www.mon-talisman.com\/?post_type=product&#038;p=4448"},"modified":"2024-05-29T13:03:23","modified_gmt":"2024-05-29T11:03:23","slug":"pulsera-adelgazante","status":"publish","type":"product","link":"https:\/\/www.mon-talisman.com\/es\/productos\/pulsera-adelgazante\/","title":{"rendered":"Pulsera adelgazante magn\u00e9tica para perder peso"},"content":{"rendered":"<h2>Pulsera magn\u00e9tica para adelgazar: prueba y opini\u00f3n<\/h2>\n<p>A pesar de todas las precauciones, tratamientos m\u00e9dicos, inscripciones en gimnasios y comida sana, \u00a1no conseguimos hacer una buena dieta y adelgazar de verdad! Y eso sin contar el estr\u00e9s que provoca.<\/p>\n<p>Ahora existe una pulsera magn\u00e9tica que puede ayudarnos a adelgazar seg\u00fan nuestras necesidades y perder los kilos de m\u00e1s. Es una soluci\u00f3n paralela, utilizada en medicina alternativa.<\/p>\n<p>Explicaciones.<\/p>\n<h2>1. \u00bfQu\u00e9 es el magnetismo?<\/h2>\n<p>En primer lugar, es importante entender qu\u00e9 es el magnetismo y cu\u00e1les son sus particularidades.<\/p>\n<h3>Definici\u00f3n de magnetismo<\/h3>\n<p><img decoding=\"async\" class=\"aligncenter wp-image-682\" src=\"https:\/\/www.mon-talisman.com\/wp-content\/uploads\/2018\/09\/Magnetisme-magnetiseur-1024x425.jpg\" sizes=\"(max-width: 724px) 100vw, 724px\" srcset=\"https:\/\/www.mon-talisman.com\/wp-content\/uploads\/2018\/09\/Magnetisme-magnetiseur-1024x425.jpg 1024w, https:\/\/www.mon-talisman.com\/wp-content\/uploads\/2018\/09\/Magnetisme-magnetiseur-500x208.jpg 500w, https:\/\/www.mon-talisman.com\/wp-content\/uploads\/2018\/09\/Magnetisme-magnetiseur-300x125.jpg 300w, https:\/\/www.mon-talisman.com\/wp-content\/uploads\/2018\/09\/Magnetisme-magnetiseur-768x319.jpg 768w, https:\/\/www.mon-talisman.com\/wp-content\/uploads\/2018\/09\/Magnetisme-magnetiseur-1536x638.jpg 1536w, https:\/\/www.mon-talisman.com\/wp-content\/uploads\/2018\/09\/Magnetisme-magnetiseur-145x60.jpg 145w, https:\/\/www.mon-talisman.com\/wp-content\/uploads\/2018\/09\/Magnetisme-magnetiseur-217x90.jpg 217w, https:\/\/www.mon-talisman.com\/wp-content\/uploads\/2018\/09\/Magnetisme-magnetiseur-600x249.jpg 600w, https:\/\/www.mon-talisman.com\/wp-content\/uploads\/2018\/09\/Magnetisme-magnetiseur-50x21.jpg 50w, https:\/\/www.mon-talisman.com\/wp-content\/uploads\/2018\/09\/Magnetisme-magnetiseur.jpg 1920w\" alt=\"Magn\u00e9tisme pratiqu\u00e9 par un magn\u00e9tisu-eur\" width=\"724\" height=\"301\" \/><\/p>\n<p>El magnetismo es un campo de la f\u00edsica que se refiere y estudia los campos magn\u00e9ticos y los materiales magnetizados. Estos campos magn\u00e9ticos pueden ser producidos por materia magnetizada o por corrientes el\u00e9ctricas.<\/p>\n<p>Los campos de aplicaci\u00f3n son numerosos: inform\u00e1tica, f\u00edsica de part\u00edculas y, por supuesto, medicina.<\/p>\n<h3>Las diferentes formas de magnetismo<\/h3>\n<p>&#8211; Diamagnetismo<\/p>\n<p>&#8211; Paramagnetismo<\/p>\n<p>&#8211; Ferromagnetismo<\/p>\n<p>&#8211; Ferrimagnetismo<\/p>\n<p>&#8211; Antiferromagnetismo<\/p>\n<p>Nota: estas diferentes formas de magnetismo se practican en todo el mundo.<\/p>\n<h3>Diferencias entre magnetismo humano y magnetismo cu\u00e1ntico<\/h3>\n<p>El magnetismo es un fen\u00f3meno cu\u00e1ntico. Es decir, es observable a nivel macrosc\u00f3pico, a nivel de los \u00e1tomos.<\/p>\n<p>Al igual que otras fuerzas o energ\u00edas vitales como el qi (o chi) en chino, las fuerzas magn\u00e9ticas humanas, tambi\u00e9n llamadas fuerzas magn\u00e9ticas animales, no deben confundirse con campos magn\u00e9ticos cu\u00e1nticos como los de planetas como la Tierra.<\/p>\n<p>Sin embargo, en ambos casos entran en juego los mismos fen\u00f3menos.<\/p>\n<h2>2. Eficacia de la pulsera de adelgazamiento: \u00bfmilagro o estafa?<\/h2>\n<p>La energ\u00eda y la eficacia de esta pulsera de adelgazamiento han sido cuestionadas en varias ocasiones. Y sin embargo&#8230; \u00a1funciona!<\/p>\n<p>De hecho, el principal argumento en contra de esta forma de curaci\u00f3n es el siguiente: \u00abno ha sido probada por la ciencia\u00bb. Por supuesto, esto es cierto.<\/p>\n<p class=\"p3\"><span class=\"s1\">Por otra parte, es f\u00e1cil ver que&#8230;<br \/>\n<strong><img decoding=\"async\" class=\"alignright wp-image-683\" src=\"https:\/\/www.mon-talisman.com\/wp-content\/uploads\/2018\/09\/medecines-alternatives.jpg\" sizes=\"(max-width: 520px) 100vw, 520px\" srcset=\"https:\/\/www.mon-talisman.com\/wp-content\/uploads\/2018\/09\/medecines-alternatives.jpg 730w, https:\/\/www.mon-talisman.com\/wp-content\/uploads\/2018\/09\/medecines-alternatives-500x283.jpg 500w, https:\/\/www.mon-talisman.com\/wp-content\/uploads\/2018\/09\/medecines-alternatives-300x170.jpg 300w, https:\/\/www.mon-talisman.com\/wp-content\/uploads\/2018\/09\/medecines-alternatives-106x60.jpg 106w, https:\/\/www.mon-talisman.com\/wp-content\/uploads\/2018\/09\/medecines-alternatives-159x90.jpg 159w, https:\/\/www.mon-talisman.com\/wp-content\/uploads\/2018\/09\/medecines-alternatives-600x339.jpg 600w, https:\/\/www.mon-talisman.com\/wp-content\/uploads\/2018\/09\/medecines-alternatives-50x28.jpg 50w\" alt=\"m\u00e9decines alternatives\" width=\"520\" height=\"294\" \/><\/strong><\/span><\/p>\n<p>1- La f\u00edsica cu\u00e1ntica sigue siendo muy incomprendida por la ciencia<\/p>\n<p>2- Se hacen descubrimientos en este campo con regularidad<\/p>\n<p>3- Existen cientos de medicinas alternativas en todo el mundo<\/p>\n<p>4- Miles de personas han sido curadas por fen\u00f3menos no comprendidos cient\u00edficamente<\/p>\n<p>5- Las medicinas alternativas son cada vez m\u00e1s utilizadas y m\u00e1s cre\u00edbles.<\/p>\n<p>Ejemplo: la hipnosis se utiliza actualmente en muchos hospitales franceses, mientras que hace unos a\u00f1os se consideraba a los hipnotizadores como charlatanes.<\/p>\n<h2>3. Beneficios y efectos de la pulsera magn\u00e9tica para adelgazar<\/h2>\n<p>\u00bfSue\u00f1a con adelgazar y perder peso?<\/p>\n<p>La magnetoterapia es una alternativa a las dietas que le permite adelgazar de forma natural. Te ayuda a adelgazar, te motiva a perder peso y te ayuda a controlar tu dieta de forma natural.<\/p>\n<p>Entonces&#8230; \u00bfc\u00f3mo funciona?<\/p>\n<h4><strong>\u00bfFuncionan las pulseras magn\u00e9ticas para bajar de peso?<\/strong><\/h4>\n<p class=\"p3\">Beneficios para el organismo: mejora de la salud<\/p>\n<p class=\"p3\"><span class=\"s1\"><img decoding=\"async\" class=\"alignleft wp-image-684\" src=\"https:\/\/www.mon-talisman.com\/wp-content\/uploads\/2018\/09\/minceur.jpg\" sizes=\"(max-width: 375px) 100vw, 375px\" srcset=\"https:\/\/www.mon-talisman.com\/wp-content\/uploads\/2018\/09\/minceur.jpg 705w, https:\/\/www.mon-talisman.com\/wp-content\/uploads\/2018\/09\/minceur-500x382.jpg 500w, https:\/\/www.mon-talisman.com\/wp-content\/uploads\/2018\/09\/minceur-300x229.jpg 300w, https:\/\/www.mon-talisman.com\/wp-content\/uploads\/2018\/09\/minceur-78x60.jpg 78w, https:\/\/www.mon-talisman.com\/wp-content\/uploads\/2018\/09\/minceur-118x90.jpg 118w, https:\/\/www.mon-talisman.com\/wp-content\/uploads\/2018\/09\/minceur-600x459.jpg 600w, https:\/\/www.mon-talisman.com\/wp-content\/uploads\/2018\/09\/minceur-50x38.jpg 50w\" alt=\"\" width=\"375\" height=\"287\" \/><\/span><\/p>\n<p>Esta pulsera act\u00faa como inhibidor del apetito gracias a sus dos imanes. Algunos utilizan cobre, pero el im\u00e1n es m\u00e1s eficaz. (El cobre tiene diferentes efectos en el organismo). El im\u00e1n est\u00e1 realmente enfocado al adelgazamiento.<\/p>\n<p>Es un consejo muy bueno para las personas con sobrepeso. A trav\u00e9s de sus muchos imanes microsc\u00f3picos tiende a tener muchos efectos beneficiosos sobre el cuerpo, la mente y la salud. Las ondas magn\u00e9ticas liberadas por los imanes circulan por el cuerpo y producen un primer efecto calmante. Relaja los m\u00fasculos y permite reconectar con el cuerpo.<\/p>\n<p>En algunas personas, la pulsera puede incluso ayudar a curar ciertos dolores.<\/p>\n<p><strong>Beneficios para la mente: m\u00e1s determinaci\u00f3n<\/strong><\/p>\n<p>El magnetismo tambi\u00e9n tiene varios poderes energ\u00e9ticos y act\u00faa sobre el cerebro y sobre la motivaci\u00f3n. Tendr\u00e1 m\u00e1s ganas de adelgazar y se sentir\u00e1 vigorizado, con m\u00e1s fuerza y energ\u00eda.<\/p>\n<p>\u00a1Algunas personas pueden incluso sentir m\u00e1s deseo! De ah\u00ed que tambi\u00e9n se utilice como amuleto, o incluso como poci\u00f3n de amor para todos aquellos que lo necesiten.<\/p>\n<h3 class=\"p5\">4. Opiniones y testimonios de consumidores<\/h3>\n<p class=\"p3\"><strong><span class=\"s1\"><img decoding=\"async\" class=\"alignleft wp-image-1382\" src=\"https:\/\/www.mon-talisman.com\/wp-content\/uploads\/2019\/04\/photo-profil-150x150.jpg\" sizes=\"(max-width: 30px) 100vw, 30px\" srcset=\"https:\/\/www.mon-talisman.com\/wp-content\/uploads\/2019\/04\/photo-profil-150x150.jpg 150w, https:\/\/www.mon-talisman.com\/wp-content\/uploads\/2019\/04\/photo-profil-100x100.jpg 100w, https:\/\/www.mon-talisman.com\/wp-content\/uploads\/2019\/04\/photo-profil.jpg 300w, https:\/\/www.mon-talisman.com\/wp-content\/uploads\/2019\/04\/photo-profil-60x60.jpg 60w, https:\/\/www.mon-talisman.com\/wp-content\/uploads\/2019\/04\/photo-profil-90x90.jpg 90w, https:\/\/www.mon-talisman.com\/wp-content\/uploads\/2019\/04\/photo-profil-50x50.jpg 50w\" alt=\"photo profil avis client\" width=\"30\" height=\"30\" \/>Isabelle \u2013 43 ans<\/span><\/strong><\/p>\n<p>Prob\u00e9 varias soluciones para adelgazar: aceite, anillos, recetas especiales, dietas&#8230; pero nada funcion\u00f3. Cuando por fin recuper\u00e9 mi antigua delgadez, me di cuenta de que esta nueva forma de terapia me permit\u00eda permanecer zen y natural en mi cuerpo.<\/p>\n<p class=\"p3\"><strong><span class=\"s1\"><img decoding=\"async\" class=\"alignleft wp-image-1382\" src=\"https:\/\/www.mon-talisman.com\/wp-content\/uploads\/2019\/04\/photo-profil-150x150.jpg\" sizes=\"(max-width: 30px) 100vw, 30px\" srcset=\"https:\/\/www.mon-talisman.com\/wp-content\/uploads\/2019\/04\/photo-profil-150x150.jpg 150w, https:\/\/www.mon-talisman.com\/wp-content\/uploads\/2019\/04\/photo-profil-100x100.jpg 100w, https:\/\/www.mon-talisman.com\/wp-content\/uploads\/2019\/04\/photo-profil.jpg 300w, https:\/\/www.mon-talisman.com\/wp-content\/uploads\/2019\/04\/photo-profil-60x60.jpg 60w, https:\/\/www.mon-talisman.com\/wp-content\/uploads\/2019\/04\/photo-profil-90x90.jpg 90w, https:\/\/www.mon-talisman.com\/wp-content\/uploads\/2019\/04\/photo-profil-50x50.jpg 50w\" alt=\"photo profil avis client\" width=\"30\" height=\"30\" \/>Marie \u2013 29 ans<\/span><\/strong><\/p>\n<p>Al tener problemas de peso que me provocaron varias enfermedades, opt\u00e9 por esta pulsera y no me arrepiento. Recibida en 2 d\u00edas, me ayuda a adelgazar y encuentro fuerzas para comer variado.<\/p>\n<h2>5. Las ventajas de la pulsera Mon-Talisman<\/h2>\n<p>Este producto de calidad le encantar\u00e1 y tiene muchas virtudes:<\/p>\n<p>-&gt; No requiere ninguna prescripci\u00f3n particular<\/p>\n<p>-&gt; Efecto inmediato, basta con llevarlo en la mu\u00f1eca<\/p>\n<p>-&gt; Pulsera de moda, est\u00e9tica y ligera de llevar<\/p>\n<p>-&gt; Magnetoterapia probada y aprobada<\/p>\n<p>-&gt; P\u00e9rdida de peso natural<\/p>\n<h3 class=\"p5\">6. Resultados en una persona despu\u00e9s de 6 meses<\/h3>\n<p><img decoding=\"async\" class=\"alignleft wp-image-1399\" src=\"https:\/\/www.mon-talisman.com\/wp-content\/uploads\/2018\/11\/minceur-mon-talisman-avant-apres.jpg\" sizes=\"(max-width: 470px) 100vw, 470px\" srcset=\"https:\/\/www.mon-talisman.com\/wp-content\/uploads\/2018\/11\/minceur-mon-talisman-avant-apres.jpg 660w, https:\/\/www.mon-talisman.com\/wp-content\/uploads\/2018\/11\/minceur-mon-talisman-avant-apres-500x545.jpg 500w, https:\/\/www.mon-talisman.com\/wp-content\/uploads\/2018\/11\/minceur-mon-talisman-avant-apres-275x300.jpg 275w, https:\/\/www.mon-talisman.com\/wp-content\/uploads\/2018\/11\/minceur-mon-talisman-avant-apres-55x60.jpg 55w, https:\/\/www.mon-talisman.com\/wp-content\/uploads\/2018\/11\/minceur-mon-talisman-avant-apres-83x90.jpg 83w, https:\/\/www.mon-talisman.com\/wp-content\/uploads\/2018\/11\/minceur-mon-talisman-avant-apres-600x655.jpg 600w, https:\/\/www.mon-talisman.com\/wp-content\/uploads\/2018\/11\/minceur-mon-talisman-avant-apres-46x50.jpg 46w, https:\/\/www.mon-talisman.com\/wp-content\/uploads\/2018\/11\/minceur-mon-talisman-avant-apres-300x327.jpg 300w\" alt=\"minceur avant-apr\u00e8s\" width=\"470\" height=\"513\" \/><\/p>\n<p><strong>&#8211; Antes&#8230;<\/strong><\/p>\n<p>Altura : 1m69<\/p>\n<p>Peso : 82kg<\/p>\n<p>IMC (\u00cdndice de masa corporal) : 27,6<\/p>\n<p>Circunferencia del vientre : 82cm<\/p>\n<p>Pecho : 95cm<\/p>\n<p><strong>&#8211; Despu\u00e9s de&#8230;<\/strong><\/p>\n<p>Altura : 1m69<\/p>\n<p>Peso : 71kg (-11kg)<\/p>\n<p>IMC (\u00cdndice de masa corporal) : 23,2 (-4,3 puntos)<\/p>\n<p>Per\u00edmetro abdominal: 73cm (-9cm)<\/p>\n<p>Pecho: 93cm (-2cm)<\/p>\n<h2>7. Preguntas m\u00e1s frecuentes<\/h2>\n<p><strong>\u00bfCu\u00e1nto tarda en hacer efecto la pulsera?<\/strong><br \/>\nInmediatamente. Una vez colocada la pulsera en la mu\u00f1eca, los campos magn\u00e9ticos empiezan a circular por el cuerpo.<\/p>\n<p><strong>\u00bfLa eficacia de la pulsera depende de la persona?<\/strong><br \/>\nS\u00ed, depende. El cuerpo establece barreras energ\u00e9ticas. Por lo tanto, su cuerpo y su mente son m\u00e1s o menos receptivos a estos fen\u00f3menos magn\u00e9ticos.<\/p>\n<p><strong>\u00bfHay que esperar alg\u00fan tiempo antes de sentir los primeros efectos?<\/strong><br \/>\nDepende mucho de la persona. Espere entre 3 y 20 d\u00edas para sentir los primeros beneficios.<\/p>\n<p><strong>\u00bfPuedo hacer dieta para adelgazar?<\/strong><br \/>\nPor supuesto, puede continuar con su dieta para una p\u00e9rdida de peso a\u00fan mayor.<\/p>\n<p><strong>\u00bfCu\u00e1l es la diferencia con el anillo o los anillos adelgazantes?<\/strong><br \/>\nEl uso de estos productos es diferente. El efecto sobre el cuerpo es el mismo, pero depende de si prefiere llevar la joya en las mu\u00f1ecas, en el cuello o en los dedos de los pies, por ejemplo.<\/p>\n<p><strong>\u00bfSe debe llevar la pulsera de d\u00eda y de noche?<\/strong><br \/>\nEl efecto adelgazante de la pulsera ser\u00e1 ligeramente mejor porque, en realidad, cuanto m\u00e1s se lleve la pulsera, m\u00e1s eficaz ser\u00e1 el efecto adelgazante.<\/p>\n","protected":false},"excerpt":{"rendered":"<p>Esta pulsera puede ayudarte a perder peso con los beneficios del magnetismo.<\/p>\n","protected":false},"featured_media":4360,"comment_status":"open","ping_status":"closed","template":"","meta":{"ocean_post_layout":"","ocean_both_sidebars_style":"","ocean_both_sidebars_content_width":0,"ocean_both_sidebars_sidebars_width":0,"ocean_sidebar":"0","ocean_second_sidebar":"0","ocean_disable_margins":"enable","ocean_add_body_class":"","ocean_shortcode_before_top_bar":"","ocean_shortcode_after_top_bar":"","ocean_shortcode_before_header":"","ocean_shortcode_after_header":"","ocean_has_shortcode":"","ocean_shortcode_after_title":"","ocean_shortcode_before_footer_widgets":"","ocean_shortcode_after_footer_widgets":"","ocean_shortcode_before_footer_bottom":"","ocean_shortcode_after_footer_bottom":"","ocean_display_top_bar":"default","ocean_display_header":"default","ocean_header_style":"","ocean_center_header_left_menu":"0","ocean_custom_header_template":"0","ocean_custom_logo":0,"ocean_custom_retina_logo":0,"ocean_custom_logo_max_width":0,"ocean_custom_logo_tablet_max_width":0,"ocean_custom_logo_mobile_max_width":0,"ocean_custom_logo_max_height":0,"ocean_custom_logo_tablet_max_height":0,"ocean_custom_logo_mobile_max_height":0,"ocean_header_custom_menu":"0","ocean_menu_typo_font_family":"0","ocean_menu_typo_font_subset":"","ocean_menu_typo_font_size":0,"ocean_menu_typo_font_size_tablet":0,"ocean_menu_typo_font_size_mobile":0,"ocean_menu_typo_font_size_unit":"px","ocean_menu_typo_font_weight":"","ocean_menu_typo_font_weight_tablet":"","ocean_menu_typo_font_weight_mobile":"","ocean_menu_typo_transform":"","ocean_menu_typo_transform_tablet":"","ocean_menu_typo_transform_mobile":"","ocean_menu_typo_line_height":0,"ocean_menu_typo_line_height_tablet":0,"ocean_menu_typo_line_height_mobile":0,"ocean_menu_typo_line_height_unit":"","ocean_menu_typo_spacing":0,"ocean_menu_typo_spacing_tablet":0,"ocean_menu_typo_spacing_mobile":0,"ocean_menu_typo_spacing_unit":"","ocean_menu_link_color":"","ocean_menu_link_color_hover":"","ocean_menu_link_color_active":"","ocean_menu_link_background":"","ocean_menu_link_hover_background":"","ocean_menu_link_active_background":"","ocean_menu_social_links_bg":"","ocean_menu_social_hover_links_bg":"","ocean_menu_social_links_color":"","ocean_menu_social_hover_links_color":"","ocean_disable_title":"default","ocean_disable_heading":"default","ocean_post_title":"","ocean_post_subheading":"","ocean_post_title_style":"","ocean_post_title_background_color":"","ocean_post_title_background":0,"ocean_post_title_bg_image_position":"","ocean_post_title_bg_image_attachment":"","ocean_post_title_bg_image_repeat":"","ocean_post_title_bg_image_size":"","ocean_post_title_height":0,"ocean_post_title_bg_overlay":0.5,"ocean_post_title_bg_overlay_color":"","ocean_disable_breadcrumbs":"default","ocean_breadcrumbs_color":"","ocean_breadcrumbs_separator_color":"","ocean_breadcrumbs_links_color":"","ocean_breadcrumbs_links_hover_color":"","ocean_display_footer_widgets":"default","ocean_display_footer_bottom":"default","ocean_custom_footer_template":"0"},"product_cat":[63],"product_tag":[],"yoast_head":"<!-- This site is optimized with the Yoast SEO plugin v22.6 - https:\/\/yoast.com\/wordpress\/plugins\/seo\/ -->\n<title>Pulsera adelgazante magn\u00e9tica para perder peso &#8226; Mon-Talisman.com<\/title>\n<meta name=\"robots\" content=\"index, follow, max-snippet:-1, max-image-preview:large, max-video-preview:-1\" \/>\n<link rel=\"canonical\" href=\"https:\/\/www.mon-talisman.com\/es\/productos\/pulsera-adelgazante\/\" \/>\n<meta property=\"og:locale\" content=\"es_ES\" \/>\n<meta property=\"og:type\" content=\"article\" \/>\n<meta property=\"og:title\" content=\"Pulsera adelgazante magn\u00e9tica para perder peso &#8226; Mon-Talisman.com\" \/>\n<meta property=\"og:description\" content=\"Esta pulsera puede ayudarte a perder peso con los beneficios del magnetismo.\" \/>\n<meta property=\"og:url\" content=\"https:\/\/www.mon-talisman.com\/es\/productos\/pulsera-adelgazante\/\" \/>\n<meta property=\"og:site_name\" content=\"Mon-Talisman.com\" \/>\n<meta property=\"article:modified_time\" content=\"2024-05-29T11:03:23+00:00\" \/>\n<meta property=\"og:image\" content=\"https:\/\/www.mon-talisman.com\/wp-content\/uploads\/2018\/09\/bracelet-magnetique-pour-maigrir-2.jpg\" \/>\n\t<meta property=\"og:image:width\" content=\"900\" \/>\n\t<meta property=\"og:image:height\" content=\"600\" \/>\n\t<meta property=\"og:image:type\" content=\"image\/jpeg\" \/>\n<meta name=\"twitter:card\" content=\"summary_large_image\" \/>\n<meta name=\"twitter:label1\" content=\"Tiempo de lectura\" \/>\n\t<meta name=\"twitter:data1\" content=\"7 minutos\" \/>\n<script type=\"application\/ld+json\" class=\"yoast-schema-graph\">{\"@context\":\"https:\/\/schema.org\",\"@graph\":[{\"@type\":\"WebPage\",\"@id\":\"https:\/\/www.mon-talisman.com\/es\/productos\/pulsera-adelgazante\/\",\"url\":\"https:\/\/www.mon-talisman.com\/es\/productos\/pulsera-adelgazante\/\",\"name\":\"Pulsera adelgazante magn\u00e9tica para perder peso &#8226; Mon-Talisman.com\",\"isPartOf\":{\"@id\":\"https:\/\/www.mon-talisman.com\/es\/#website\"},\"primaryImageOfPage\":{\"@id\":\"https:\/\/www.mon-talisman.com\/es\/productos\/pulsera-adelgazante\/#primaryimage\"},\"image\":{\"@id\":\"https:\/\/www.mon-talisman.com\/es\/productos\/pulsera-adelgazante\/#primaryimage\"},\"thumbnailUrl\":\"https:\/\/www.mon-talisman.com\/wp-content\/uploads\/2018\/09\/bracelet-magnetique-pour-maigrir-2.jpg\",\"datePublished\":\"2018-09-11T09:39:23+00:00\",\"dateModified\":\"2024-05-29T11:03:23+00:00\",\"breadcrumb\":{\"@id\":\"https:\/\/www.mon-talisman.com\/es\/productos\/pulsera-adelgazante\/#breadcrumb\"},\"inLanguage\":\"es\",\"potentialAction\":[{\"@type\":\"ReadAction\",\"target\":[\"https:\/\/www.mon-talisman.com\/es\/productos\/pulsera-adelgazante\/\"]}]},{\"@type\":\"ImageObject\",\"inLanguage\":\"es\",\"@id\":\"https:\/\/www.mon-talisman.com\/es\/productos\/pulsera-adelgazante\/#primaryimage\",\"url\":\"https:\/\/www.mon-talisman.com\/wp-content\/uploads\/2018\/09\/bracelet-magnetique-pour-maigrir-2.jpg\",\"contentUrl\":\"https:\/\/www.mon-talisman.com\/wp-content\/uploads\/2018\/09\/bracelet-magnetique-pour-maigrir-2.jpg\",\"width\":900,\"height\":600},{\"@type\":\"BreadcrumbList\",\"@id\":\"https:\/\/www.mon-talisman.com\/es\/productos\/pulsera-adelgazante\/#breadcrumb\",\"itemListElement\":[{\"@type\":\"ListItem\",\"position\":1,\"name\":\"Accueil\",\"item\":\"https:\/\/www.mon-talisman.com\/es\/\"},{\"@type\":\"ListItem\",\"position\":2,\"name\":\"Boutique\",\"item\":\"https:\/\/www.mon-talisman.com\/boutique\/\"},{\"@type\":\"ListItem\",\"position\":3,\"name\":\"Pulsera adelgazante magn\u00e9tica para perder peso\"}]},{\"@type\":\"WebSite\",\"@id\":\"https:\/\/www.mon-talisman.com\/es\/#website\",\"url\":\"https:\/\/www.mon-talisman.com\/es\/\",\"name\":\"Mon-Talisman.com\",\"description\":\"Boutique de bijoux magn\u00e9tiques pour la sant\u00e9\",\"publisher\":{\"@id\":\"https:\/\/www.mon-talisman.com\/es\/#organization\"},\"potentialAction\":[{\"@type\":\"SearchAction\",\"target\":{\"@type\":\"EntryPoint\",\"urlTemplate\":\"https:\/\/www.mon-talisman.com\/es\/?s={search_term_string}\"},\"query-input\":\"required name=search_term_string\"}],\"inLanguage\":\"es\"},{\"@type\":\"Organization\",\"@id\":\"https:\/\/www.mon-talisman.com\/es\/#organization\",\"name\":\"Mon-Talisman.com\",\"url\":\"https:\/\/www.mon-talisman.com\/es\/\",\"logo\":{\"@type\":\"ImageObject\",\"inLanguage\":\"es\",\"@id\":\"https:\/\/www.mon-talisman.com\/es\/#\/schema\/logo\/image\/\",\"url\":\"https:\/\/www.mon-talisman.com\/wp-content\/uploads\/2018\/09\/mon-talisman-com.jpg\",\"contentUrl\":\"https:\/\/www.mon-talisman.com\/wp-content\/uploads\/2018\/09\/mon-talisman-com.jpg\",\"width\":400,\"height\":400,\"caption\":\"Mon-Talisman.com\"},\"image\":{\"@id\":\"https:\/\/www.mon-talisman.com\/es\/#\/schema\/logo\/image\/\"}}]}<\/script>\n<!-- \/ Yoast SEO plugin. -->","yoast_head_json":{"title":"Pulsera adelgazante magn\u00e9tica para perder peso &#8226; Mon-Talisman.com","robots":{"index":"index","follow":"follow","max-snippet":"max-snippet:-1","max-image-preview":"max-image-preview:large","max-video-preview":"max-video-preview:-1"},"canonical":"https:\/\/www.mon-talisman.com\/es\/productos\/pulsera-adelgazante\/","og_locale":"es_ES","og_type":"article","og_title":"Pulsera adelgazante magn\u00e9tica para perder peso &#8226; Mon-Talisman.com","og_description":"Esta pulsera puede ayudarte a perder peso con los beneficios del magnetismo.","og_url":"https:\/\/www.mon-talisman.com\/es\/productos\/pulsera-adelgazante\/","og_site_name":"Mon-Talisman.com","article_modified_time":"2024-05-29T11:03:23+00:00","og_image":[{"width":900,"height":600,"url":"https:\/\/www.mon-talisman.com\/wp-content\/uploads\/2018\/09\/bracelet-magnetique-pour-maigrir-2.jpg","type":"image\/jpeg"}],"twitter_card":"summary_large_image","twitter_misc":{"Tiempo de lectura":"7 minutos"},"schema":{"@context":"https:\/\/schema.org","@graph":[{"@type":"WebPage","@id":"https:\/\/www.mon-talisman.com\/es\/productos\/pulsera-adelgazante\/","url":"https:\/\/www.mon-talisman.com\/es\/productos\/pulsera-adelgazante\/","name":"Pulsera adelgazante magn\u00e9tica para perder peso &#8226; Mon-Talisman.com","isPartOf":{"@id":"https:\/\/www.mon-talisman.com\/es\/#website"},"primaryImageOfPage":{"@id":"https:\/\/www.mon-talisman.com\/es\/productos\/pulsera-adelgazante\/#primaryimage"},"image":{"@id":"https:\/\/www.mon-talisman.com\/es\/productos\/pulsera-adelgazante\/#primaryimage"},"thumbnailUrl":"https:\/\/www.mon-talisman.com\/wp-content\/uploads\/2018\/09\/bracelet-magnetique-pour-maigrir-2.jpg","datePublished":"2018-09-11T09:39:23+00:00","dateModified":"2024-05-29T11:03:23+00:00","breadcrumb":{"@id":"https:\/\/www.mon-talisman.com\/es\/productos\/pulsera-adelgazante\/#breadcrumb"},"inLanguage":"es","potentialAction":[{"@type":"ReadAction","target":["https:\/\/www.mon-talisman.com\/es\/productos\/pulsera-adelgazante\/"]}]},{"@type":"ImageObject","inLanguage":"es","@id":"https:\/\/www.mon-talisman.com\/es\/productos\/pulsera-adelgazante\/#primaryimage","url":"https:\/\/www.mon-talisman.com\/wp-content\/uploads\/2018\/09\/bracelet-magnetique-pour-maigrir-2.jpg","contentUrl":"https:\/\/www.mon-talisman.com\/wp-content\/uploads\/2018\/09\/bracelet-magnetique-pour-maigrir-2.jpg","width":900,"height":600},{"@type":"BreadcrumbList","@id":"https:\/\/www.mon-talisman.com\/es\/productos\/pulsera-adelgazante\/#breadcrumb","itemListElement":[{"@type":"ListItem","position":1,"name":"Accueil","item":"https:\/\/www.mon-talisman.com\/es\/"},{"@type":"ListItem","position":2,"name":"Boutique","item":"https:\/\/www.mon-talisman.com\/boutique\/"},{"@type":"ListItem","position":3,"name":"Pulsera adelgazante magn\u00e9tica para perder peso"}]},{"@type":"WebSite","@id":"https:\/\/www.mon-talisman.com\/es\/#website","url":"https:\/\/www.mon-talisman.com\/es\/","name":"Mon-Talisman.com","description":"Boutique de bijoux magn\u00e9tiques pour la sant\u00e9","publisher":{"@id":"https:\/\/www.mon-talisman.com\/es\/#organization"},"potentialAction":[{"@type":"SearchAction","target":{"@type":"EntryPoint","urlTemplate":"https:\/\/www.mon-talisman.com\/es\/?s={search_term_string}"},"query-input":"required name=search_term_string"}],"inLanguage":"es"},{"@type":"Organization","@id":"https:\/\/www.mon-talisman.com\/es\/#organization","name":"Mon-Talisman.com","url":"https:\/\/www.mon-talisman.com\/es\/","logo":{"@type":"ImageObject","inLanguage":"es","@id":"https:\/\/www.mon-talisman.com\/es\/#\/schema\/logo\/image\/","url":"https:\/\/www.mon-talisman.com\/wp-content\/uploads\/2018\/09\/mon-talisman-com.jpg","contentUrl":"https:\/\/www.mon-talisman.com\/wp-content\/uploads\/2018\/09\/mon-talisman-com.jpg","width":400,"height":400,"caption":"Mon-Talisman.com"},"image":{"@id":"https:\/\/www.mon-talisman.com\/es\/#\/schema\/logo\/image\/"}}]}},"_links":{"self":[{"href":"https:\/\/www.mon-talisman.com\/es\/wp-json\/wp\/v2\/product\/4448"}],"collection":[{"href":"https:\/\/www.mon-talisman.com\/es\/wp-json\/wp\/v2\/product"}],"about":[{"href":"https:\/\/www.mon-talisman.com\/es\/wp-json\/wp\/v2\/types\/product"}],"replies":[{"embeddable":true,"href":"https:\/\/www.mon-talisman.com\/es\/wp-json\/wp\/v2\/comments?post=4448"}],"wp:featuredmedia":[{"embeddable":true,"href":"https:\/\/www.mon-talisman.com\/es\/wp-json\/wp\/v2\/media\/4360"}],"wp:attachment":[{"href":"https:\/\/www.mon-talisman.com\/es\/wp-json\/wp\/v2\/media?parent=4448"}],"wp:term":[{"taxonomy":"product_cat","embeddable":true,"href":"https:\/\/www.mon-talisman.com\/es\/wp-json\/wp\/v2\/product_cat?post=4448"},{"taxonomy":"product_tag","embeddable":true,"href":"https:\/\/www.mon-talisman.com\/es\/wp-json\/wp\/v2\/product_tag?post=4448"}],"curies":[{"name":"wp","href":"https:\/\/api.w.org\/{rel}","templated":true}]}}